{"id":3350,"date":"2019-07-16T09:34:06","date_gmt":"2019-07-16T07:34:06","guid":{"rendered":"https:\/\/www.noiseraieproductions.fr\/politique-de-cookies\/"},"modified":"2023-08-01T17:35:58","modified_gmt":"2023-08-01T15:35:58","slug":"cookie-policy","status":"publish","type":"page","link":"https:\/\/www.noiseraieproductions.fr\/en\/cookie-policy\/","title":{"rendered":"Cookie Policy"},"content":{"rendered":"","protected":false},"excerpt":{"rendered":"","protected":false},"author":1,"featured_media":0,"parent":0,"menu_order":0,"comment_status":"closed","ping_status":"closed","template":"views\/template-text.blade.php","meta":[],"yoast_head":"<!-- This site is optimized with the Yoast SEO plugin v20.7 - https:\/\/yoast.com\/wordpress\/plugins\/seo\/ -->\n<title>Cookie Policy - Noiseraie Productions<\/title>\n<meta name=\"description\" content=\"Noiseraie productions et les differents cookies install\u00e9s sur le site, leur utilit\u00e9 et leur dur\u00e9e de conservation. Tout sur la politique de cookie noiseraie\" \/>\n<meta name=\"robots\" content=\"index, follow, max-snippet:-1, max-image-preview:large, max-video-preview:-1\" \/>\n<link rel=\"canonical\" href=\"https:\/\/www.noiseraieproductions.fr\/en\/cookie-policy\/\" \/>\n<meta property=\"og:locale\" content=\"en_US\" \/>\n<meta property=\"og:type\" content=\"article\" \/>\n<meta property=\"og:title\" content=\"Cookie Policy - Noiseraie Productions\" \/>\n<meta property=\"og:description\" content=\"Noiseraie productions et les differents cookies install\u00e9s sur le site, leur utilit\u00e9 et leur dur\u00e9e de conservation. Tout sur la politique de cookie noiseraie\" \/>\n<meta property=\"og:url\" content=\"https:\/\/www.noiseraieproductions.fr\/en\/cookie-policy\/\" \/>\n<meta property=\"og:site_name\" content=\"Noiseraie Productions\" \/>\n<meta property=\"article:modified_time\" content=\"2023-08-01T15:35:58+00:00\" \/>\n<meta name=\"twitter:card\" content=\"summary_large_image\" \/>\n<script type=\"application\/ld+json\" class=\"yoast-schema-graph\">{\"@context\":\"https:\/\/schema.org\",\"@graph\":[{\"@type\":\"WebPage\",\"@id\":\"https:\/\/www.noiseraieproductions.fr\/en\/cookie-policy\/\",\"url\":\"https:\/\/www.noiseraieproductions.fr\/en\/cookie-policy\/\",\"name\":\"Cookie Policy - Noiseraie Productions\",\"isPartOf\":{\"@id\":\"https:\/\/www.noiseraieproductions.fr\/#website\"},\"datePublished\":\"2019-07-16T07:34:06+00:00\",\"dateModified\":\"2023-08-01T15:35:58+00:00\",\"description\":\"Noiseraie productions et les differents cookies install\u00e9s sur le site, leur utilit\u00e9 et leur dur\u00e9e de conservation. Tout sur la politique de cookie noiseraie\",\"breadcrumb\":{\"@id\":\"https:\/\/www.noiseraieproductions.fr\/en\/cookie-policy\/#breadcrumb\"},\"inLanguage\":\"en-US\",\"potentialAction\":[{\"@type\":\"ReadAction\",\"target\":[\"https:\/\/www.noiseraieproductions.fr\/en\/cookie-policy\/\"]}]},{\"@type\":\"BreadcrumbList\",\"@id\":\"https:\/\/www.noiseraieproductions.fr\/en\/cookie-policy\/#breadcrumb\",\"itemListElement\":[{\"@type\":\"ListItem\",\"position\":1,\"name\":\"Accueil\",\"item\":\"https:\/\/www.noiseraieproductions.fr\/en\/\"},{\"@type\":\"ListItem\",\"position\":2,\"name\":\"Cookie Policy\"}]},{\"@type\":\"WebSite\",\"@id\":\"https:\/\/www.noiseraieproductions.fr\/#website\",\"url\":\"https:\/\/www.noiseraieproductions.fr\/\",\"name\":\"Noiseraie Productions\",\"description\":\"\",\"potentialAction\":[{\"@type\":\"SearchAction\",\"target\":{\"@type\":\"EntryPoint\",\"urlTemplate\":\"https:\/\/www.noiseraieproductions.fr\/?s={search_term_string}\"},\"query-input\":\"required name=search_term_string\"}],\"inLanguage\":\"en-US\"}]}<\/script>\n<!-- \/ Yoast SEO plugin. -->","yoast_head_json":{"title":"Cookie Policy - Noiseraie Productions","description":"Noiseraie productions et les differents cookies install\u00e9s sur le site, leur utilit\u00e9 et leur dur\u00e9e de conservation. Tout sur la politique de cookie noiseraie","robots":{"index":"index","follow":"follow","max-snippet":"max-snippet:-1","max-image-preview":"max-image-preview:large","max-video-preview":"max-video-preview:-1"},"canonical":"https:\/\/www.noiseraieproductions.fr\/en\/cookie-policy\/","og_locale":"en_US","og_type":"article","og_title":"Cookie Policy - Noiseraie Productions","og_description":"Noiseraie productions et les differents cookies install\u00e9s sur le site, leur utilit\u00e9 et leur dur\u00e9e de conservation. Tout sur la politique de cookie noiseraie","og_url":"https:\/\/www.noiseraieproductions.fr\/en\/cookie-policy\/","og_site_name":"Noiseraie Productions","article_modified_time":"2023-08-01T15:35:58+00:00","twitter_card":"summary_large_image","schema":{"@context":"https:\/\/schema.org","@graph":[{"@type":"WebPage","@id":"https:\/\/www.noiseraieproductions.fr\/en\/cookie-policy\/","url":"https:\/\/www.noiseraieproductions.fr\/en\/cookie-policy\/","name":"Cookie Policy - Noiseraie Productions","isPartOf":{"@id":"https:\/\/www.noiseraieproductions.fr\/#website"},"datePublished":"2019-07-16T07:34:06+00:00","dateModified":"2023-08-01T15:35:58+00:00","description":"Noiseraie productions et les differents cookies install\u00e9s sur le site, leur utilit\u00e9 et leur dur\u00e9e de conservation. Tout sur la politique de cookie noiseraie","breadcrumb":{"@id":"https:\/\/www.noiseraieproductions.fr\/en\/cookie-policy\/#breadcrumb"},"inLanguage":"en-US","potentialAction":[{"@type":"ReadAction","target":["https:\/\/www.noiseraieproductions.fr\/en\/cookie-policy\/"]}]},{"@type":"BreadcrumbList","@id":"https:\/\/www.noiseraieproductions.fr\/en\/cookie-policy\/#breadcrumb","itemListElement":[{"@type":"ListItem","position":1,"name":"Accueil","item":"https:\/\/www.noiseraieproductions.fr\/en\/"},{"@type":"ListItem","position":2,"name":"Cookie Policy"}]},{"@type":"WebSite","@id":"https:\/\/www.noiseraieproductions.fr\/#website","url":"https:\/\/www.noiseraieproductions.fr\/","name":"Noiseraie Productions","description":"","potentialAction":[{"@type":"SearchAction","target":{"@type":"EntryPoint","urlTemplate":"https:\/\/www.noiseraieproductions.fr\/?s={search_term_string}"},"query-input":"required name=search_term_string"}],"inLanguage":"en-US"}]}},"_links":{"self":[{"href":"https:\/\/www.noiseraieproductions.fr\/en\/wp-json\/wp\/v2\/pages\/3350"}],"collection":[{"href":"https:\/\/www.noiseraieproductions.fr\/en\/wp-json\/wp\/v2\/pages"}],"about":[{"href":"https:\/\/www.noiseraieproductions.fr\/en\/wp-json\/wp\/v2\/types\/page"}],"author":[{"embeddable":true,"href":"https:\/\/www.noiseraieproductions.fr\/en\/wp-json\/wp\/v2\/users\/1"}],"replies":[{"embeddable":true,"href":"https:\/\/www.noiseraieproductions.fr\/en\/wp-json\/wp\/v2\/comments?post=3350"}],"version-history":[{"count":2,"href":"https:\/\/www.noiseraieproductions.fr\/en\/wp-json\/wp\/v2\/pages\/3350\/revisions"}],"predecessor-version":[{"id":3444,"href":"https:\/\/www.noiseraieproductions.fr\/en\/wp-json\/wp\/v2\/pages\/3350\/revisions\/3444"}],"wp:attachment":[{"href":"https:\/\/www.noiseraieproductions.fr\/en\/wp-json\/wp\/v2\/media?parent=3350"}],"curies":[{"name":"wp","href":"https:\/\/api.w.org\/{rel}","templated":true}]}}