{"id":3355,"date":"2019-07-16T09:31:37","date_gmt":"2019-07-16T07:31:37","guid":{"rendered":"https:\/\/www.noiseraieproductions.fr\/noiseraie\/"},"modified":"2023-08-01T15:58:21","modified_gmt":"2023-08-01T13:58:21","slug":"noiseraie","status":"publish","type":"page","link":"https:\/\/www.noiseraieproductions.fr\/en\/noiseraie\/","title":{"rendered":"Noiseraie"},"content":{"rendered":"","protected":false},"excerpt":{"rendered":"","protected":false},"author":1,"featured_media":0,"parent":0,"menu_order":0,"comment_status":"closed","ping_status":"closed","template":"views\/template-about.blade.php","meta":[],"yoast_head":"<!-- This site is optimized with the Yoast SEO plugin v20.7 - https:\/\/yoast.com\/wordpress\/plugins\/seo\/ -->\n<title>Noiseraie - Noiseraie Productions<\/title>\n<meta name=\"description\" content=\"D\u00e9couvrez le savoir-faire de Noiseraie, ses valeurs et son engagement. Sp\u00e9cialiste de la p\u00e2te \u00e0 tartiner artisanale avec ou sans lait, et sans gluten.\" \/>\n<meta name=\"robots\" content=\"index, follow, max-snippet:-1, max-image-preview:large, max-video-preview:-1\" \/>\n<link rel=\"canonical\" href=\"https:\/\/www.noiseraieproductions.fr\/en\/noiseraie\/\" \/>\n<meta property=\"og:locale\" content=\"en_US\" \/>\n<meta property=\"og:type\" content=\"article\" \/>\n<meta property=\"og:title\" content=\"Noiseraie - Noiseraie Productions\" \/>\n<meta property=\"og:description\" content=\"D\u00e9couvrez le savoir-faire de Noiseraie, ses valeurs et son engagement. Sp\u00e9cialiste de la p\u00e2te \u00e0 tartiner artisanale avec ou sans lait, et sans gluten.\" \/>\n<meta property=\"og:url\" content=\"https:\/\/www.noiseraieproductions.fr\/en\/noiseraie\/\" \/>\n<meta property=\"og:site_name\" content=\"Noiseraie Productions\" \/>\n<meta property=\"article:modified_time\" content=\"2023-08-01T13:58:21+00:00\" \/>\n<meta name=\"twitter:card\" content=\"summary_large_image\" \/>\n<script type=\"application\/ld+json\" class=\"yoast-schema-graph\">{\"@context\":\"https:\/\/schema.org\",\"@graph\":[{\"@type\":\"WebPage\",\"@id\":\"https:\/\/www.noiseraieproductions.fr\/en\/noiseraie\/\",\"url\":\"https:\/\/www.noiseraieproductions.fr\/en\/noiseraie\/\",\"name\":\"Noiseraie - Noiseraie Productions\",\"isPartOf\":{\"@id\":\"https:\/\/www.noiseraieproductions.fr\/#website\"},\"datePublished\":\"2019-07-16T07:31:37+00:00\",\"dateModified\":\"2023-08-01T13:58:21+00:00\",\"description\":\"D\u00e9couvrez le savoir-faire de Noiseraie, ses valeurs et son engagement. Sp\u00e9cialiste de la p\u00e2te \u00e0 tartiner artisanale avec ou sans lait, et sans gluten.\",\"breadcrumb\":{\"@id\":\"https:\/\/www.noiseraieproductions.fr\/en\/noiseraie\/#breadcrumb\"},\"inLanguage\":\"en-US\",\"potentialAction\":[{\"@type\":\"ReadAction\",\"target\":[\"https:\/\/www.noiseraieproductions.fr\/en\/noiseraie\/\"]}]},{\"@type\":\"BreadcrumbList\",\"@id\":\"https:\/\/www.noiseraieproductions.fr\/en\/noiseraie\/#breadcrumb\",\"itemListElement\":[{\"@type\":\"ListItem\",\"position\":1,\"name\":\"Accueil\",\"item\":\"https:\/\/www.noiseraieproductions.fr\/en\/\"},{\"@type\":\"ListItem\",\"position\":2,\"name\":\"Noiseraie\"}]},{\"@type\":\"WebSite\",\"@id\":\"https:\/\/www.noiseraieproductions.fr\/#website\",\"url\":\"https:\/\/www.noiseraieproductions.fr\/\",\"name\":\"Noiseraie Productions\",\"description\":\"\",\"potentialAction\":[{\"@type\":\"SearchAction\",\"target\":{\"@type\":\"EntryPoint\",\"urlTemplate\":\"https:\/\/www.noiseraieproductions.fr\/?s={search_term_string}\"},\"query-input\":\"required name=search_term_string\"}],\"inLanguage\":\"en-US\"}]}<\/script>\n<!-- \/ Yoast SEO plugin. -->","yoast_head_json":{"title":"Noiseraie - Noiseraie Productions","description":"D\u00e9couvrez le savoir-faire de Noiseraie, ses valeurs et son engagement. Sp\u00e9cialiste de la p\u00e2te \u00e0 tartiner artisanale avec ou sans lait, et sans gluten.","robots":{"index":"index","follow":"follow","max-snippet":"max-snippet:-1","max-image-preview":"max-image-preview:large","max-video-preview":"max-video-preview:-1"},"canonical":"https:\/\/www.noiseraieproductions.fr\/en\/noiseraie\/","og_locale":"en_US","og_type":"article","og_title":"Noiseraie - Noiseraie Productions","og_description":"D\u00e9couvrez le savoir-faire de Noiseraie, ses valeurs et son engagement. Sp\u00e9cialiste de la p\u00e2te \u00e0 tartiner artisanale avec ou sans lait, et sans gluten.","og_url":"https:\/\/www.noiseraieproductions.fr\/en\/noiseraie\/","og_site_name":"Noiseraie Productions","article_modified_time":"2023-08-01T13:58:21+00:00","twitter_card":"summary_large_image","schema":{"@context":"https:\/\/schema.org","@graph":[{"@type":"WebPage","@id":"https:\/\/www.noiseraieproductions.fr\/en\/noiseraie\/","url":"https:\/\/www.noiseraieproductions.fr\/en\/noiseraie\/","name":"Noiseraie - Noiseraie Productions","isPartOf":{"@id":"https:\/\/www.noiseraieproductions.fr\/#website"},"datePublished":"2019-07-16T07:31:37+00:00","dateModified":"2023-08-01T13:58:21+00:00","description":"D\u00e9couvrez le savoir-faire de Noiseraie, ses valeurs et son engagement. Sp\u00e9cialiste de la p\u00e2te \u00e0 tartiner artisanale avec ou sans lait, et sans gluten.","breadcrumb":{"@id":"https:\/\/www.noiseraieproductions.fr\/en\/noiseraie\/#breadcrumb"},"inLanguage":"en-US","potentialAction":[{"@type":"ReadAction","target":["https:\/\/www.noiseraieproductions.fr\/en\/noiseraie\/"]}]},{"@type":"BreadcrumbList","@id":"https:\/\/www.noiseraieproductions.fr\/en\/noiseraie\/#breadcrumb","itemListElement":[{"@type":"ListItem","position":1,"name":"Accueil","item":"https:\/\/www.noiseraieproductions.fr\/en\/"},{"@type":"ListItem","position":2,"name":"Noiseraie"}]},{"@type":"WebSite","@id":"https:\/\/www.noiseraieproductions.fr\/#website","url":"https:\/\/www.noiseraieproductions.fr\/","name":"Noiseraie Productions","description":"","potentialAction":[{"@type":"SearchAction","target":{"@type":"EntryPoint","urlTemplate":"https:\/\/www.noiseraieproductions.fr\/?s={search_term_string}"},"query-input":"required name=search_term_string"}],"inLanguage":"en-US"}]}},"_links":{"self":[{"href":"https:\/\/www.noiseraieproductions.fr\/en\/wp-json\/wp\/v2\/pages\/3355"}],"collection":[{"href":"https:\/\/www.noiseraieproductions.fr\/en\/wp-json\/wp\/v2\/pages"}],"about":[{"href":"https:\/\/www.noiseraieproductions.fr\/en\/wp-json\/wp\/v2\/types\/page"}],"author":[{"embeddable":true,"href":"https:\/\/www.noiseraieproductions.fr\/en\/wp-json\/wp\/v2\/users\/1"}],"replies":[{"embeddable":true,"href":"https:\/\/www.noiseraieproductions.fr\/en\/wp-json\/wp\/v2\/comments?post=3355"}],"version-history":[{"count":1,"href":"https:\/\/www.noiseraieproductions.fr\/en\/wp-json\/wp\/v2\/pages\/3355\/revisions"}],"predecessor-version":[{"id":3368,"href":"https:\/\/www.noiseraieproductions.fr\/en\/wp-json\/wp\/v2\/pages\/3355\/revisions\/3368"}],"wp:attachment":[{"href":"https:\/\/www.noiseraieproductions.fr\/en\/wp-json\/wp\/v2\/media?parent=3355"}],"curies":[{"name":"wp","href":"https:\/\/api.w.org\/{rel}","templated":true}]}}